{"id":12750,"date":"2025-05-04T20:02:44","date_gmt":"2025-05-05T00:02:44","guid":{"rendered":"https:\/\/www.acupuncturenancymongrain.com\/privacy-policy\/"},"modified":"2025-06-20T15:35:21","modified_gmt":"2025-06-20T19:35:21","slug":"privacy-policy","status":"publish","type":"page","link":"https:\/\/www.acupuncturenancymongrain.com\/en\/privacy-policy\/","title":{"rendered":"Privacy Policy"},"content":{"rendered":"\t\t<div data-elementor-type=\"wp-page\" data-elementor-id=\"12750\" class=\"elementor elementor-12750 elementor-12712\">\n\t\t\t\t\t\t\t\t\t<section class=\"elementor-section elementor-top-section elementor-element elementor-element-56b0cb5 elementor-section-full_width elementor-section-height-default elementor-section-height-default jws-row-grid-yes\" data-id=\"56b0cb5\" data-element_type=\"section\">\n\t\t\t\t\t\t<div class=\"elementor-container elementor-column-gap-default\">\n\t\t\t\t\t<div class=\"elementor-column elementor-col-100 elementor-top-column elementor-element elementor-element-86dc0f1\" data-id=\"86dc0f1\" data-element_type=\"column\">\n\t\t\t<div class=\"elementor-widget-wrap elementor-element-populated\">\n\t\t\t\t\t\t\t\t<div class=\"elementor-element elementor-element-21caeab jws-row-grid-yes elementor-widget elementor-widget-image\" data-id=\"21caeab\" data-element_type=\"widget\" data-widget_type=\"image.default\">\n\t\t\t\t<div class=\"elementor-widget-container\">\n\t\t\t\t\t\t\t\t\t\t\t\t\t\t\t<img decoding=\"async\" width=\"1902\" height=\"155\" src=\"https:\/\/www.acupuncturenancymongrain.com\/wp-content\/uploads\/2023\/08\/Nancy-Mongrain-Acupuncture_Entete-small.jpg\" class=\"attachment-full size-full wp-image-12051\" alt=\"\" loading=\"lazy\" \/>\t\t\t\t\t\t\t\t\t\t\t\t\t\t\t<\/div>\n\t\t\t\t<\/div>\n\t\t\t\t\t<\/div>\n\t\t<\/div>\n\t\t\t\t\t\t\t<\/div>\n\t\t<\/section>\n\t\t\t\t<section class=\"elementor-section elementor-top-section elementor-element elementor-element-4768690 animated-slow elementor-section-boxed elementor-section-height-default elementor-section-height-default jws-row-grid-yes elementor-invisible\" data-id=\"4768690\" data-element_type=\"section\" data-settings=\"{&quot;background_background&quot;:&quot;classic&quot;,&quot;animation&quot;:&quot;fadeInUp&quot;,&quot;animation_delay&quot;:300}\">\n\t\t\t\t\t\t\t<div class=\"elementor-background-overlay\"><\/div>\n\t\t\t\t\t\t\t<div class=\"elementor-container elementor-column-gap-default\">\n\t\t\t\t\t<div class=\"elementor-column elementor-col-100 elementor-top-column elementor-element elementor-element-714aef8\" data-id=\"714aef8\" data-element_type=\"column\">\n\t\t\t<div class=\"elementor-widget-wrap elementor-element-populated\">\n\t\t\t\t\t\t\t\t<div class=\"elementor-element elementor-element-95a3e54 jws-row-grid-yes elementor-widget elementor-widget-breadcrumbs\" data-id=\"95a3e54\" data-element_type=\"widget\" data-widget_type=\"breadcrumbs.default\">\n\t\t\t\t<div class=\"elementor-widget-container\">\n\t\t\t<p id=\"breadcrumbs\"><span><span><a href=\"https:\/\/www.acupuncturenancymongrain.com\/en\/\">Home<\/a><\/span><\/span><\/p>\t\t<\/div>\n\t\t\t\t<\/div>\n\t\t\t\t<div class=\"elementor-element elementor-element-05d7c0c jws-row-grid-yes elementor-widget elementor-widget-spacer\" data-id=\"05d7c0c\" data-element_type=\"widget\" data-widget_type=\"spacer.default\">\n\t\t\t\t<div class=\"elementor-widget-container\">\n\t\t\t\t\t<div class=\"elementor-spacer\">\n\t\t\t<div class=\"elementor-spacer-inner\"><\/div>\n\t\t<\/div>\n\t\t\t\t<\/div>\n\t\t\t\t<\/div>\n\t\t\t\t<div class=\"elementor-element elementor-element-bdac6ef jws-row-grid-yes elementor-widget elementor-widget-heading\" data-id=\"bdac6ef\" data-element_type=\"widget\" data-widget_type=\"heading.default\">\n\t\t\t\t<div class=\"elementor-widget-container\">\n\t\t\t<h2 class=\"elementor-heading-title elementor-size-default\">Privacy Policy<\/h2>\t\t<\/div>\n\t\t\t\t<\/div>\n\t\t\t\t<div class=\"elementor-element elementor-element-ee6f8a3 titres jws-row-grid-yes elementor-widget elementor-widget-text-editor\" data-id=\"ee6f8a3\" data-element_type=\"widget\" data-widget_type=\"text-editor.default\">\n\t\t\t\t<div class=\"elementor-widget-container\">\n\t\t\t\t\t\t\t<p>This policy explains how the collection, use, communication and retention of personal information is carried out by the Acupuncture Nancy Mongrain clinic, in order to ensure compliance with legal requirements relating to the protection of personal information. LAW 25<\/p>\n<\/p>\n<p><strong>Protection of your data<br \/><\/strong>Faced with the development of new communication tools, it is necessary to pay particular attention to the protection of privacy. This is why we are committed to respecting the confidentiality of the personal information we collect. We only collect personal information provided by an individual and necessary for the performance of the services offered at Acupuncture Nancy Mongrain. Your personal information and medical information will not be shared in any way without your consent.   <\/p>\n<\/p>\n<p><strong>Responsible for the protection<\/strong> <strong>of personal information<br \/><\/strong>Nancy Mongrain Ac. is responsible for protecting the personal information of its patients.<br \/>She can be contacted at:<br \/>1290, Avenue Van Horne, suite 306, Montreal, Quebec H2V 2S4<br \/>info@nancymongrain.com<br \/>514-947-6565 <\/p>\n<\/p>\n<p><strong>Collection<br \/><\/strong>Under the Regulation respecting the keeping of records and consulting rooms of the Order of Acupuncturists of Quebec, the acupuncturist must keep, at the place where he practices his profession, a file for each of his patients.<\/p>\n<p>The acupuncturist collects and uses the personal information necessary to carry out his activities, in particular:<\/p>\n<ul>\n<li>the date the file was opened;<\/li>\n<li>the patient&#8217;s name at birth, address, telephone number, email, date of birth and gender;<\/li>\n<li>a summary description of the reasons for the consultation and his observations regarding the clinical examination<\/li>\n<li>Medical information includes any information related to your current or past health condition, medical imaging reports, etc.<\/li>\n<li>Opinion quant \u00e0 la nature de la maladie ou de l\u2019\u00e9tat \u00e9nerg\u00e9tique du patient;<\/li>\n<li>a description of the professional services rendered and their date;<\/li>\n<li>recommendations made to the patient;<\/li>\n<li>annotations, correspondence and other documents inserted in the file<\/li>\n<\/ul>\n<p>This information is obtained either verbally from the patient or through electronic documents. Personal information held electronically is accessible via an independent password known only to the data controller: Nancy Mongrain Ac. <\/p>\n<\/p>\n<p><strong>Data retention<\/strong><br \/>The acupuncturist must keep each file up to date until he ceases to provide professional services to the person concerned by this file.<\/p>\n<ol>\n<li>Your personal and medical information will be kept for at least five (5) years, in accordance with the Professional Order of Acupuncturists of Quebec. Thereafter, your personal information may be securely destroyed or deleted. <\/li>\n<li>The acupuncturist must keep his files in a room or piece of furniture to which the public or other professionals do not have free access or which can be locked.<\/li>\n<li>When the acupuncturist uses computers or any other technique to create and maintain his files, he must ensure that their confidentiality is respected.<\/li>\n<li>Electronic documents are managed and hosted by Gorendezvous, a software<br \/>for making appointments and online patient files. GOrendezvous is a Quebec company and the data is hosted in Quebec. Gorendezvous Privacy Policy  <\/li>\n<li>The acupuncturist takes reasonable security measures to protect the personal information under his responsibility.<\/li>\n<\/ol>\n<\/p>\n<p><strong>Access to personal information and rectification<\/strong><br \/>You have the right to request the rectification and removal of your personal information stored by third parties in accordance with the terms of their confidentiality policy.<\/p>\n<ul>\n<li>The personal information collected by the acupuncturist is accessible at his or her principal place of business. The person concerned by this information can access it on request by email. <\/li>\n<li>The acupuncturist responds to requests from people who wish to access the personal information she holds about them, by giving them access to this information, by rectifying it when it is inaccurate or incomplete, by ensuring its portability if necessary, by destroying it when its retention is no longer necessary, or by de-indexing it. (after 5 years from the last entry, according to the OAQ) <\/li>\n<li>A person concerned by personal information held by the acupuncturist may ask her to:<\/li>\n<\/ul>\n<ol>\n<li>Confirm the existence of the information and send a copy of it to her or any person she authorizes;<\/li>\n<li>Rectify inaccurate, incomplete, equivocal information or information that is collected, communicated or stored in a manner that is not authorized by this policy or by law;<\/li>\n<li>Delete information that is outdated or not<\/li>\n<\/ol>\n<\/p>\n<p><strong>Cookies and similar technologies<\/strong><br \/>Our website uses cookies and similar technologies to improve your online experience, personalize content, analyze usage trends, and administer our site. These cookies may be session cookies (temporary) or persistent cookies. <\/p>\n<p>You have the choice to accept or refuse them by modifying the settings of your<br \/>browser.<\/p>\n<\/p>\n<p><strong>Information sent by email and\/or SMS<\/strong><br \/>If you voluntarily choose to share information via email or text message, the information provided is strictly used by the clinic in the patient&#8217;s best interest and will not be shared. These emails will be treated with the same confidentiality as established in this policy. However, please note that information shared over the Internet is never completely secure.  <\/p>\n<\/p>\n<p><strong>Communication<\/strong><br \/>The acupuncturist does not communicate any personal information he or she holds to a third party without the signed consent of the person covered by the personal information unless:<\/p>\n<ul>\n<li>The transmission of information without notifying the person concerned is required for the acupuncturist to comply with their legal obligations;<\/li>\n<li>Transmission of information without notifying the person concerned is required to avoid serious harm to the person concerned.<\/li>\n<\/ul>\n<p>When the acupuncturist uses information and communication technologies (ICT) in the exercise of his profession, he must fully respect the rules established by the Order of Acupuncturists of Quebec for this purpose in the document entitled:<br \/><strong>\u201cGuideline for Social Media Use by Acupuncturists\u201d<\/strong><\/p>\n<\/p>\n<p><strong>Technological security measures<\/strong><\/p>\n<ul>\n<li>The acupuncturist uses a password to access databases containing personal information and;<\/li>\n<li>Change passwords on a regular basis.<\/li>\n<\/ul>\n<\/p>\n<p><strong>Right of access<\/strong><br \/>Under section 27 of the Act respecting the protection of personal information in the private sector, you have the right to request access to personal information held about you by our clinic. Personal information means any information that can identify you directly or indirectly. <\/p>\n<p>To be able to exercise these rights, you can contact the person responsible for the protection of your personal information:<br \/>Nancy Mongrain<br \/>Email: info@nancymongrain.com<br \/>Telephone: 1(514) 947-6565<\/p>\n<\/p>\n<p><strong>Deindexing request<\/strong><br \/>If applicable, under the new section 28.1 of the Act respecting the protection of personal information in the private sector, you have the right to request the de-indexing of all personal information made publicly accessible on the Web about you by our clinic via GoRendezvous. To exercise these rights, you can contact: the person responsible for the protection of your personal information:<br \/>Nancy Mongrain<br \/>Email: info@nancymongrain.com<br \/>Telephone: 1(514) 947-6565 <\/p>\n<\/p>\n<p><strong>Complaints<\/strong><\/p>\n<ul>\n<li>Any person may file a complaint regarding the protection of personal information held by the acupuncturist by contacting the acupuncturist at the email address or postal address mentioned in the paragraph above.<\/li>\n<li>The person responsible for the protection of personal information must respond to the complainant within 30 days of receiving an email request.<\/li>\n<\/ul>\n<p><strong>Confidentiality incident management procedure<\/strong><br \/>In the event of a confidentiality incident, the acupuncturist undertakes to:<\/p>\n<ol>\n<li>identify the cause of the incident;<\/li>\n<li>remedy the incident;<\/li>\n<li>reduce the risks of harm being caused and;<\/li>\n<li>prevent new incidents of the same nature from happening again<\/li>\n<\/ol>\n<\/p>\n<p><strong>Confidentiality Incident Log<\/strong><br \/>The person responsible for the protection of personal information maintains a register of confidentiality incidents.<\/p>\n<\/p>\n<p><strong>For more information about this policy<\/strong><br \/>Any questions regarding this policy should be referred to the Privacy Officer. If you have any questions or concerns regarding this policy or the confidentiality of your personal information, do not hesitate to contact Nancy Mongrain, responsible for protecting the personal information of her patients.<br \/>1290, Avenue Van Horne, suite 306, Montreal, Quebec H2V 2S4<br \/>info@nancymongrain.com<br \/>514-947-6565<br \/>Last updated: March 4, 2025 <\/p>\n\t\t\t\t\t\t<\/div>\n\t\t\t\t<\/div>\n\t\t\t\t<div class=\"elementor-element elementor-element-7cc4ed2 jws-row-grid-yes elementor-widget elementor-widget-spacer\" data-id=\"7cc4ed2\" data-element_type=\"widget\" data-widget_type=\"spacer.default\">\n\t\t\t\t<div class=\"elementor-widget-container\">\n\t\t\t\t\t<div class=\"elementor-spacer\">\n\t\t\t<div class=\"elementor-spacer-inner\"><\/div>\n\t\t<\/div>\n\t\t\t\t<\/div>\n\t\t\t\t<\/div>\n\t\t\t\t\t<\/div>\n\t\t<\/div>\n\t\t\t\t\t\t\t<\/div>\n\t\t<\/section>\n\t\t\t\t\t\t\t<\/div>\n\t\t","protected":false},"excerpt":{"rendered":"<p>Privacy Policy This policy explains how the collection, use, communication and retention of personal information is carried out by the Acupuncture Nancy Mongrain clinic, in order to ensure compliance with legal requirements relating to the protection of personal information. LAW 25 Protection of your dataFaced with the development of new communication tools, it is necessary [&hellip;]<\/p>\n","protected":false},"author":1,"featured_media":0,"parent":0,"menu_order":0,"comment_status":"closed","ping_status":"closed","template":"","meta":[],"yoast_head":"<!-- This site is optimized with the Yoast SEO plugin v21.0 - https:\/\/yoast.com\/wordpress\/plugins\/seo\/ -->\n<title>Privacy Policy - Nancy Mongrain<\/title>\n<meta name=\"robots\" content=\"index, follow, max-snippet:-1, max-image-preview:large, max-video-preview:-1\" \/>\n<link rel=\"canonical\" href=\"https:\/\/www.acupuncturenancymongrain.com\/en\/privacy-policy\/\" \/>\n<meta property=\"og:locale\" content=\"en_US\" \/>\n<meta property=\"og:type\" content=\"article\" \/>\n<meta property=\"og:title\" content=\"Privacy Policy - Nancy Mongrain\" \/>\n<meta property=\"og:description\" content=\"Privacy Policy This policy explains how the collection, use, communication and retention of personal information is carried out by the Acupuncture Nancy Mongrain clinic, in order to ensure compliance with legal requirements relating to the protection of personal information. LAW 25 Protection of your dataFaced with the development of new communication tools, it is necessary [&hellip;]\" \/>\n<meta property=\"og:url\" content=\"https:\/\/www.acupuncturenancymongrain.com\/en\/privacy-policy\/\" \/>\n<meta property=\"og:site_name\" content=\"Nancy Mongrain\" \/>\n<meta property=\"article:modified_time\" content=\"2025-06-20T19:35:21+00:00\" \/>\n<meta property=\"og:image\" content=\"https:\/\/www.acupuncturenancymongrain.com\/wp-content\/uploads\/2023\/08\/Nancy-Mongrain-Acupuncture_Entete-small.jpg\" \/>\n<meta name=\"twitter:card\" content=\"summary_large_image\" \/>\n<meta name=\"twitter:label1\" content=\"Est. reading time\" \/>\n\t<meta name=\"twitter:data1\" content=\"6 minutes\" \/>\n<script type=\"application\/ld+json\" class=\"yoast-schema-graph\">{\"@context\":\"https:\/\/schema.org\",\"@graph\":[{\"@type\":\"WebPage\",\"@id\":\"https:\/\/www.acupuncturenancymongrain.com\/en\/privacy-policy\/\",\"url\":\"https:\/\/www.acupuncturenancymongrain.com\/en\/privacy-policy\/\",\"name\":\"Privacy Policy - Nancy Mongrain\",\"isPartOf\":{\"@id\":\"https:\/\/www.acupuncturenancymongrain.com\/en\/#website\"},\"datePublished\":\"2025-05-05T00:02:44+00:00\",\"dateModified\":\"2025-06-20T19:35:21+00:00\",\"breadcrumb\":{\"@id\":\"https:\/\/www.acupuncturenancymongrain.com\/en\/privacy-policy\/#breadcrumb\"},\"inLanguage\":\"en-US\",\"potentialAction\":[{\"@type\":\"ReadAction\",\"target\":[\"https:\/\/www.acupuncturenancymongrain.com\/en\/privacy-policy\/\"]}]},{\"@type\":\"BreadcrumbList\",\"@id\":\"https:\/\/www.acupuncturenancymongrain.com\/en\/privacy-policy\/#breadcrumb\",\"itemListElement\":[{\"@type\":\"ListItem\",\"position\":1,\"name\":\"Home\",\"item\":\"https:\/\/www.acupuncturenancymongrain.com\/en\/\"},{\"@type\":\"ListItem\",\"position\":2,\"name\":\"Privacy Policy\"}]},{\"@type\":\"WebSite\",\"@id\":\"https:\/\/www.acupuncturenancymongrain.com\/en\/#website\",\"url\":\"https:\/\/www.acupuncturenancymongrain.com\/en\/\",\"name\":\"Nancy Mongrain\",\"description\":\"Acupuncture\",\"publisher\":{\"@id\":\"https:\/\/www.acupuncturenancymongrain.com\/en\/#organization\"},\"potentialAction\":[{\"@type\":\"SearchAction\",\"target\":{\"@type\":\"EntryPoint\",\"urlTemplate\":\"https:\/\/www.acupuncturenancymongrain.com\/en\/?s={search_term_string}\"},\"query-input\":\"required name=search_term_string\"}],\"inLanguage\":\"en-US\"},{\"@type\":\"Organization\",\"@id\":\"https:\/\/www.acupuncturenancymongrain.com\/en\/#organization\",\"name\":\"Nancy Mongrain\",\"url\":\"https:\/\/www.acupuncturenancymongrain.com\/en\/\",\"logo\":{\"@type\":\"ImageObject\",\"inLanguage\":\"en-US\",\"@id\":\"https:\/\/www.acupuncturenancymongrain.com\/en\/#\/schema\/logo\/image\/\",\"url\":\"https:\/\/www.acupuncturenancymongrain.com\/wp-content\/uploads\/2020\/08\/Acupuncture-Nancy-Mongrain_Logo.png\",\"contentUrl\":\"https:\/\/www.acupuncturenancymongrain.com\/wp-content\/uploads\/2020\/08\/Acupuncture-Nancy-Mongrain_Logo.png\",\"width\":250,\"height\":78,\"caption\":\"Nancy Mongrain\"},\"image\":{\"@id\":\"https:\/\/www.acupuncturenancymongrain.com\/en\/#\/schema\/logo\/image\/\"}}]}<\/script>\n<!-- \/ Yoast SEO plugin. -->","yoast_head_json":{"title":"Privacy Policy - Nancy Mongrain","robots":{"index":"index","follow":"follow","max-snippet":"max-snippet:-1","max-image-preview":"max-image-preview:large","max-video-preview":"max-video-preview:-1"},"canonical":"https:\/\/www.acupuncturenancymongrain.com\/en\/privacy-policy\/","og_locale":"en_US","og_type":"article","og_title":"Privacy Policy - Nancy Mongrain","og_description":"Privacy Policy This policy explains how the collection, use, communication and retention of personal information is carried out by the Acupuncture Nancy Mongrain clinic, in order to ensure compliance with legal requirements relating to the protection of personal information. LAW 25 Protection of your dataFaced with the development of new communication tools, it is necessary [&hellip;]","og_url":"https:\/\/www.acupuncturenancymongrain.com\/en\/privacy-policy\/","og_site_name":"Nancy Mongrain","article_modified_time":"2025-06-20T19:35:21+00:00","og_image":[{"url":"https:\/\/www.acupuncturenancymongrain.com\/wp-content\/uploads\/2023\/08\/Nancy-Mongrain-Acupuncture_Entete-small.jpg"}],"twitter_card":"summary_large_image","twitter_misc":{"Est. reading time":"6 minutes"},"schema":{"@context":"https:\/\/schema.org","@graph":[{"@type":"WebPage","@id":"https:\/\/www.acupuncturenancymongrain.com\/en\/privacy-policy\/","url":"https:\/\/www.acupuncturenancymongrain.com\/en\/privacy-policy\/","name":"Privacy Policy - Nancy Mongrain","isPartOf":{"@id":"https:\/\/www.acupuncturenancymongrain.com\/en\/#website"},"datePublished":"2025-05-05T00:02:44+00:00","dateModified":"2025-06-20T19:35:21+00:00","breadcrumb":{"@id":"https:\/\/www.acupuncturenancymongrain.com\/en\/privacy-policy\/#breadcrumb"},"inLanguage":"en-US","potentialAction":[{"@type":"ReadAction","target":["https:\/\/www.acupuncturenancymongrain.com\/en\/privacy-policy\/"]}]},{"@type":"BreadcrumbList","@id":"https:\/\/www.acupuncturenancymongrain.com\/en\/privacy-policy\/#breadcrumb","itemListElement":[{"@type":"ListItem","position":1,"name":"Home","item":"https:\/\/www.acupuncturenancymongrain.com\/en\/"},{"@type":"ListItem","position":2,"name":"Privacy Policy"}]},{"@type":"WebSite","@id":"https:\/\/www.acupuncturenancymongrain.com\/en\/#website","url":"https:\/\/www.acupuncturenancymongrain.com\/en\/","name":"Nancy Mongrain","description":"Acupuncture","publisher":{"@id":"https:\/\/www.acupuncturenancymongrain.com\/en\/#organization"},"potentialAction":[{"@type":"SearchAction","target":{"@type":"EntryPoint","urlTemplate":"https:\/\/www.acupuncturenancymongrain.com\/en\/?s={search_term_string}"},"query-input":"required name=search_term_string"}],"inLanguage":"en-US"},{"@type":"Organization","@id":"https:\/\/www.acupuncturenancymongrain.com\/en\/#organization","name":"Nancy Mongrain","url":"https:\/\/www.acupuncturenancymongrain.com\/en\/","logo":{"@type":"ImageObject","inLanguage":"en-US","@id":"https:\/\/www.acupuncturenancymongrain.com\/en\/#\/schema\/logo\/image\/","url":"https:\/\/www.acupuncturenancymongrain.com\/wp-content\/uploads\/2020\/08\/Acupuncture-Nancy-Mongrain_Logo.png","contentUrl":"https:\/\/www.acupuncturenancymongrain.com\/wp-content\/uploads\/2020\/08\/Acupuncture-Nancy-Mongrain_Logo.png","width":250,"height":78,"caption":"Nancy Mongrain"},"image":{"@id":"https:\/\/www.acupuncturenancymongrain.com\/en\/#\/schema\/logo\/image\/"}}]}},"_links":{"self":[{"href":"https:\/\/www.acupuncturenancymongrain.com\/en\/wp-json\/wp\/v2\/pages\/12750"}],"collection":[{"href":"https:\/\/www.acupuncturenancymongrain.com\/en\/wp-json\/wp\/v2\/pages"}],"about":[{"href":"https:\/\/www.acupuncturenancymongrain.com\/en\/wp-json\/wp\/v2\/types\/page"}],"author":[{"embeddable":true,"href":"https:\/\/www.acupuncturenancymongrain.com\/en\/wp-json\/wp\/v2\/users\/1"}],"replies":[{"embeddable":true,"href":"https:\/\/www.acupuncturenancymongrain.com\/en\/wp-json\/wp\/v2\/comments?post=12750"}],"version-history":[{"count":13,"href":"https:\/\/www.acupuncturenancymongrain.com\/en\/wp-json\/wp\/v2\/pages\/12750\/revisions"}],"predecessor-version":[{"id":12872,"href":"https:\/\/www.acupuncturenancymongrain.com\/en\/wp-json\/wp\/v2\/pages\/12750\/revisions\/12872"}],"wp:attachment":[{"href":"https:\/\/www.acupuncturenancymongrain.com\/en\/wp-json\/wp\/v2\/media?parent=12750"}],"curies":[{"name":"wp","href":"https:\/\/api.w.org\/{rel}","templated":true}]}}